{"id":27,"date":"2022-07-03T22:00:05","date_gmt":"2022-07-04T03:00:05","guid":{"rendered":"http:\/\/box5326.temp.domains\/~linkeduc\/?page_id=27"},"modified":"2026-05-07T15:09:40","modified_gmt":"2026-05-07T20:09:40","slug":"our-services","status":"publish","type":"page","link":"https:\/\/linkeducationaltherapy.com\/?page_id=27","title":{"rendered":"Our Services"},"content":{"rendered":"<div\n      class=\"kv-control-placeholder kv-_page\"\n      data-kv-control=\"1\">\n    <\/div> <section class=\"background-id_0adjacent section-1656885923219 zoduye36 vefova18 undefined undefined\" style=\" position:relative;\">\n  <a name=\"section1656885923219\"><\/a>\n    <div\n    class=\"kv-control-placeholder kv-_section\"\n    data-kv-control=\"background\">\n  <\/div> <div class='kv-background  ' style=\" background-color: rgb(249,249,249);\">\n        \n        <div class='kv-background-inner '  style=\"\n          \n          \n          \n          background-color: rgb(249,249,249);\n          \"><\/div>\n          \n<\/div>\n\n  <div class=\"position-relative kv-content\">\n    <div\n    class=\"kv-control-placeholder kv-_section\"\n    data-kv-control=\"content\">\n  <\/div> <div class=\"kv-ee-section kv-ee-section--lg kv-ee-align-left \"><div class=\"kv-ee-container kv-ee-titles\"><div class=\"kv-ee-row\"><div class=\"kv-ee-section-text kv-ee-col-12\"> <h2 class=\"kv-ee-section-title kv-ee-caption-title kv-ee-section-title--md\" data-type=\"text\" tabindex=\"0\">Services<span data-prop=\"title\" class=\"ck-editable-element\" data-editable=\"basic\" style=\"display:none;\"><\/span><\/h2>  <p class=\"kv-ee-section-description kv-ee-body--md\" data-type=\"text\" tabindex=\"0\">We specialize in one-on-one therapy.<span data-prop=\"description\" class=\"ck-editable-element\" data-editable=\"basic\" style=\"display:none;\"><\/span><\/p> <\/div><\/div><\/div><div class=\"kv-ee-container kv-ee-items\"><div class=\"kv-ee-row kv-ee-position\"><div class=\"kv-ee-col-12 kv-ee-landscape\"> <div\n    class=\"kv-control-placeholder kv-_content\"\n    data-kv-control=\"list\">\n  <\/div><div class=\"kv-ee-list-control\">\n    <div class=\"kv-ee-row\" data-type=\"list\">\n        <div\n    class=\"kv-control-placeholder kv-_list\"\n    data-kv-control=\"0\">\n  <\/div> <div class=\"kv-ee-col-12 kv-ee-content kv-ee-left kv-ee-drop-shadow \"><div class=\"kv-ee-row\"><div class=\"kv-ee-col-sm-4 kv-ee-image-col\"> <div\n      data-type=\"image\" data-property=\"image\"\n       class=\"kv-ee-item-img kv-ee-gallery kv-ee-content-image \" role=\"img\" data-src=\"https:\/\/images.builderservices.io\/s\/cdn\/v1.0\/i\/m?url=https%3A%2F%2Fimages.unsplash.com%2Fphoto-1516383607781-913a19294fd1%3Fcrop%3Dentropy%26cs%3Dtinysrgb%26fit%3Dmax%26fm%3Djpg%26ixid%3DMnw1NTEzfDB8MXxzZWFyY2h8Njd8fExlYXJuaW5nfGVufDB8fHx8MTY1Njg4NjE5MA%26ixlib%3Drb-1.2.1%26q%3D80%26w%3D60%26utm_source%3Dendurance-innovation%26utm_medium%3Dreferral\" data-src-normal=\"https:\/\/images.builderservices.io\/s\/cdn\/v1.0\/i\/m?url=https%3A%2F%2Fimages.unsplash.com%2Fphoto-1516383607781-913a19294fd1%3Fcrop%3Dentropy%26cs%3Dtinysrgb%26fit%3Dmax%26fm%3Djpg%26ixid%3DMnw1NTEzfDB8MXxzZWFyY2h8Njd8fExlYXJuaW5nfGVufDB8fHx8MTY1Njg4NjE5MA%26ixlib%3Drb-1.2.1%26q%3D80%26w%3D600%26utm_source%3Dendurance-innovation%26utm_medium%3Dreferral\" data-src-retina=\"https:\/\/images.builderservices.io\/s\/cdn\/v1.0\/i\/m?url=https%3A%2F%2Fimages.unsplash.com%2Fphoto-1516383607781-913a19294fd1%3Fcrop%3Dentropy%26cs%3Dtinysrgb%26fit%3Dmax%26fm%3Djpg%26ixid%3DMnw1NTEzfDB8MXxzZWFyY2h8Njd8fExlYXJuaW5nfGVufDB8fHx8MTY1Njg4NjE5MA%26ixlib%3Drb-1.2.1%26q%3D80%26w%3D900%26utm_source%3Dendurance-innovation%26utm_medium%3Dreferral\" aria-label=\"Il s\u2019agit d\u2019une photographie r\u00e9alis\u00e9e pour illustrer notre page des offres de cr\u00e9ation graphique de l\u2019agence web Olloweb Solution\" alt=\"Il s\u2019agit d\u2019une photographie r\u00e9alis\u00e9e pour illustrer notre page des offres de cr\u00e9ation graphique de l\u2019agence web Olloweb Solution\"\n      style=\"background-position: center center;background-repeat: no-repeat;\"\n      data-setting=\"border\"\n      role=\"img\"\n    ><\/div> <\/div><div class=\"kv-ee-col-sm-8 kv-ee-valign-center\"><div class=\"kv-ee-content-text\"> <hr class=\"kv-ee-line\"> <h3 class=\"kv-ee-title--sm\" data-type=\"text\" tabindex=\"0\">NILD Therapy&nbsp;<span data-prop=\"title\" class=\"ck-editable-element\" data-editable=\"basic\" style=\"display:none;\"><\/span><\/h3> <p class=\"kv-ee-body--md\" data-type=\"text\" tabindex=\"0\">Our goal is to develop successful, independent learners.  NILD Educational Therapy\u00ae focuses on developing four key components \u2013 cognition, perception, academics and emotions.  The focus of the individualized intervention is to strengthen the underlying causes of learning difficulties rather than simply treating the symptoms. NILD educational therapy is a true therapy in that it aims the intervention just above the student\u2019s level of functioning and raises expectations for performance.\nStudents in NILD Educational Therapy\u00ae receive individual intensive intervention.  These sessions include a variety of techniques designed to address students\u2019 specific areas of difficulty and to improve their overall ability to think, reason, and process information.  Techniques emphasize basic skill areas such as reading, writing, spelling and math, and applying reasoning skills within each area. \nStudents work with educational therapists, who are trained specifically in NILD methodology and receive on-going graduate level training leading to NILD certification.  Regular collaboration between the educational therapist, parents and classroom teachers is encouraged in order to assess progress and appropriately adjust educational programs for each student.\n<span data-prop=\"description\" class=\"ck-editable-element\" data-editable=\"basic\" style=\"display:none;\"><\/span><\/p>  <\/div><\/div><\/div><\/div>\n        <div\n    class=\"kv-control-placeholder kv-_list\"\n    data-kv-control=\"1\">\n  <\/div> <div class=\"kv-ee-col-12 kv-ee-content kv-ee-right kv-ee-drop-shadow \"><div class=\"kv-ee-row\"><div class=\"kv-ee-col-sm-4 kv-ee-image-col\"> <div\n      data-type=\"image\" data-property=\"image\"\n       class=\"kv-ee-item-img kv-ee-gallery kv-ee-content-image \" role=\"img\" data-src=\"https:\/\/images.builderservices.io\/s\/cdn\/v1.0\/i\/m?url=https%3A%2F%2Fimages.unsplash.com%2Fphoto-1596495718166-7ac739ca1bc4%3Fcrop%3Dentropy%26cs%3Dtinysrgb%26fit%3Dmax%26fm%3Djpg%26ixid%3DMnw1NTEzfDB8MXxzZWFyY2h8Mjh8fExlYXJuaW5nfGVufDB8fHx8MTY1Njg4NjE1Mw%26ixlib%3Drb-1.2.1%26q%3D80%26w%3D60%26utm_source%3Dendurance-innovation%26utm_medium%3Dreferral\" data-src-normal=\"https:\/\/images.builderservices.io\/s\/cdn\/v1.0\/i\/m?url=https%3A%2F%2Fimages.unsplash.com%2Fphoto-1596495718166-7ac739ca1bc4%3Fcrop%3Dentropy%26cs%3Dtinysrgb%26fit%3Dmax%26fm%3Djpg%26ixid%3DMnw1NTEzfDB8MXxzZWFyY2h8Mjh8fExlYXJuaW5nfGVufDB8fHx8MTY1Njg4NjE1Mw%26ixlib%3Drb-1.2.1%26q%3D80%26w%3D600%26utm_source%3Dendurance-innovation%26utm_medium%3Dreferral\" data-src-retina=\"https:\/\/images.builderservices.io\/s\/cdn\/v1.0\/i\/m?url=https%3A%2F%2Fimages.unsplash.com%2Fphoto-1596495718166-7ac739ca1bc4%3Fcrop%3Dentropy%26cs%3Dtinysrgb%26fit%3Dmax%26fm%3Djpg%26ixid%3DMnw1NTEzfDB8MXxzZWFyY2h8Mjh8fExlYXJuaW5nfGVufDB8fHx8MTY1Njg4NjE1Mw%26ixlib%3Drb-1.2.1%26q%3D80%26w%3D900%26utm_source%3Dendurance-innovation%26utm_medium%3Dreferral\"\n      style=\"background-position: center center;background-repeat: no-repeat;\"\n      data-setting=\"border\"\n      role=\"img\"\n    ><\/div> <\/div><div class=\"kv-ee-col-sm-8 kv-ee-valign-center\"><div class=\"kv-ee-content-text\"> <hr class=\"kv-ee-line\"> <h3 class=\"kv-ee-title--sm\" data-type=\"text\" tabindex=\"0\">How is NILD Therapy different than tutoring?<span data-prop=\"title\" class=\"ck-editable-element\" data-editable=\"basic\" style=\"display:none;\"><\/span><\/h3> <p class=\"kv-ee-body--md\" data-type=\"text\" tabindex=\"0\">The focus of NILD Educational Therapy\u00ae is the development of clear, efficient thinking. Students are given learning tools to enable them to overcome specific learning weaknesses. Tutoring typically focuses on content while educational therapy builds efficient learning processes while developing skills.  This enables students to retain the content more efficiently and effectively. NILD Educational Therapy\u00ae teaches students how to think rather than teaching them what to think.<span data-prop=\"description\" class=\"ck-editable-element\" data-editable=\"basic\" style=\"display:none;\"><\/span><\/p>  <\/div><\/div><\/div><\/div>\n    <\/div>\n<\/div> <\/div><\/div><\/div><\/div>\n  <\/div>\n<\/section>\n<style scoped>.zoduye36 p{max-width:800px}.zoduye36 .kv-ee-container-wide{max-width:1680px;margin:0 auto;padding-right:15px;padding-left:15px}.zoduye36 .kv-ee-align-left .kv-ee-titles{text-align:left}.zoduye36 .kv-ee-align-left .kv-ee-titles .kv-ee-col-12>*{margin-right:auto}.zoduye36 .kv-ee-align-left .kv-ee-position .kv-ee-row{justify-content:flex-start}.zoduye36 .kv-ee-align-center .kv-ee-titles{text-align:center}.zoduye36 .kv-ee-align-center .kv-ee-titles .kv-ee-col-12>*{margin-left:auto;margin-right:auto}.zoduye36 .kv-ee-align-center .kv-ee-position .kv-ee-row{justify-content:flex-start}.zoduye36 .kv-ee-align-right .kv-ee-titles{text-align:right}.zoduye36 .kv-ee-align-right .kv-ee-titles .kv-ee-col-12>*{margin-left:auto}.zoduye36 .kv-ee-align-right .kv-ee-position .kv-ee-row{justify-content:flex-end}.vefova18 .kv-ee-content{width:100%;margin-bottom:1rem}.vefova18 .kv-ee-row{align-items:center}.vefova18 .kv-ee-image-col{margin-bottom:auto}.vefova18 .kv-ee-item-img{width:100%;padding-bottom:120%;margin:1rem 0;background-size:cover;background-position:center;transition:box-shadow 300ms cubic-bezier(.165,.84,.44,1)}.vefova18 .kv-ee-valign-center{display:flex;align-items:center}.vefova18 .kv-ee-content-text{padding:0;max-width:600px}.vefova18 .kv-ee-content-text p{line-height:1.7;color:hsl(var(--kv-ee-text1--h),var(--kv-ee-text1--s),calc(var(--kv-ee-text1--l) + 20%))}@media(min-width:992px){.vefova18 .kv-ee-content-text{padding:2rem}}.vefova18 .kv-ee-subtitle{margin-top:-.75rem;margin-bottom:1rem;font-weight:400;color:rgba(var(--kv-ee-text1-rgb),.6)}.vefova18 .kv-ee-button{padding:6px}.vefova18 hr.kv-ee-line{height:2px;border:none;width:2rem;background-color:var(--kv-ee-accent1);margin-top:1rem;margin-bottom:1rem;margin-left:0}.vefova18 .kv-ee-content.kv-ee-right hr.kv-ee-line{margin-left:0}@media(min-width:576px){.vefova18 .kv-ee-content.kv-ee-right .kv-ee-row{flex-direction:row-reverse;text-align:right}.vefova18 .kv-ee-content.kv-ee-right .kv-ee-content-text::after{margin-left:auto}.vefova18 .kv-ee-content.kv-ee-right .kv-ee-valign-center{justify-content:flex-end}.vefova18 .kv-ee-content.kv-ee-right hr.kv-ee-line{margin-right:0;margin-left:auto}}@media(min-width:992px){.vefova18 .kv-ee-content:not(:first-child){margin-top:-2rem}}.vefova18 .kv-ee-rounded-corners .kv-ee-item-img{border-radius:.5rem}.vefova18 .kv-ee-drop-shadow .kv-ee-item-img{box-shadow:0 2rem 1.5rem -.5rem rgba(var(--kv-ee-black-rgb),.15),0 .75rem 1rem -.25rem rgba(var(--kv-ee-black-rgb),.2),0 .25rem .25rem -.125rem rgba(var(--kv-ee-black-rgb),.1)}.vefova18 .kv-ee-circle .kv-ee-item-img{width:100%;padding-bottom:100%;border-radius:50%}.vefova18 .kv-ee-square .kv-ee-item-img,.vefova18 .kv-ee-original .kv-ee-item-img{width:100%;padding-bottom:100%}.vefova18 .kv-ee-portrait .kv-ee-item-img{width:100%;padding-bottom:calc((4\/3)*100%)}.vefova18 .kv-ee-landscape .kv-ee-item-img{width:100%;padding-bottom:calc((3\/4)*100%)}.vefova18 .kv-ee-left .kv-ee-social{justify-content:flex-start}.vefova18 .kv-ee-left .kv-ee-social .kv-ee-social-link{margin-right:1rem}.vefova18 .kv-ee-right .kv-ee-social{justify-content:flex-end}.vefova18 .kv-ee-right .kv-ee-social .kv-ee-social-link{margin-left:1rem}.vefova18 .kv-ee-social{display:inline-flex;width:100%;margin-top:.5rem}.vefova18 .kv-ee-social-link{text-decoration:none;display:flex;justify-content:flex-start;align-items:center}.vefova18 .kv-ee-social-link i{font-size:1.5rem;color:var(--kv-ee-text1);transition:all .2s}.vefova18 .kv-ee-social-link i:hover{color:var(--kv-ee-accent1)}.vefova18 .kv-ee-social-link svg{height:1.5rem}<\/style>","protected":false},"excerpt":{"rendered":"","protected":false},"author":1,"featured_media":0,"parent":0,"menu_order":0,"comment_status":"closed","ping_status":"closed","template":"wb4wp-template.php","meta":{"WB4WB4WP_MODE":"","WB4WP_PAGE_SCRIPTS":"","WB4WP_PAGE_STYLES":"","WB4WP_PAGE_FONTS":"","WB4WP_PAGE_HEADER":"","WB4WP_PAGE_FOOTER":"","_monsterinsights_skip_tracking":false,"_monsterinsights_sitenote_active":false,"_monsterinsights_sitenote_note":"","_monsterinsights_sitenote_category":0,"footnotes":""},"yoast_head":"<!-- This site is optimized with the Yoast SEO plugin v24.5 - https:\/\/yoast.com\/wordpress\/plugins\/seo\/ -->\n<title>Our Services - Link Educational Therapy<\/title>\n<meta name=\"robots\" content=\"index, follow, max-snippet:-1, max-image-preview:large, max-video-preview:-1\" \/>\n<link rel=\"canonical\" href=\"https:\/\/linkeducationaltherapy.com\/?page_id=27\" \/>\n<meta property=\"og:locale\" content=\"en_US\" \/>\n<meta property=\"og:type\" content=\"article\" \/>\n<meta property=\"og:title\" content=\"Our Services - Link Educational Therapy\" \/>\n<meta property=\"og:url\" content=\"https:\/\/linkeducationaltherapy.com\/?page_id=27\" \/>\n<meta property=\"og:site_name\" content=\"Link Educational Therapy\" \/>\n<meta property=\"article:modified_time\" content=\"2026-05-07T20:09:40+00:00\" \/>\n<meta name=\"twitter:card\" content=\"summary_large_image\" \/>\n<meta name=\"twitter:label1\" content=\"Est. reading time\" \/>\n\t<meta name=\"twitter:data1\" content=\"1 minute\" \/>\n<script type=\"application\/ld+json\" class=\"yoast-schema-graph\">{\"@context\":\"https:\/\/schema.org\",\"@graph\":[{\"@type\":\"WebPage\",\"@id\":\"https:\/\/linkeducationaltherapy.com\/?page_id=27\",\"url\":\"https:\/\/linkeducationaltherapy.com\/?page_id=27\",\"name\":\"Our Services - Link Educational Therapy\",\"isPartOf\":{\"@id\":\"https:\/\/linkeducationaltherapy.com\/#website\"},\"datePublished\":\"2022-07-04T03:00:05+00:00\",\"dateModified\":\"2026-05-07T20:09:40+00:00\",\"breadcrumb\":{\"@id\":\"https:\/\/linkeducationaltherapy.com\/?page_id=27#breadcrumb\"},\"inLanguage\":\"en-US\",\"potentialAction\":[{\"@type\":\"ReadAction\",\"target\":[\"https:\/\/linkeducationaltherapy.com\/?page_id=27\"]}]},{\"@type\":\"BreadcrumbList\",\"@id\":\"https:\/\/linkeducationaltherapy.com\/?page_id=27#breadcrumb\",\"itemListElement\":[{\"@type\":\"ListItem\",\"position\":1,\"name\":\"Home\",\"item\":\"https:\/\/linkeducationaltherapy.com\/\"},{\"@type\":\"ListItem\",\"position\":2,\"name\":\"Our Services\"}]},{\"@type\":\"WebSite\",\"@id\":\"https:\/\/linkeducationaltherapy.com\/#website\",\"url\":\"https:\/\/linkeducationaltherapy.com\/\",\"name\":\"Link Educational Therapy\",\"description\":\"Every child can learn.\",\"potentialAction\":[{\"@type\":\"SearchAction\",\"target\":{\"@type\":\"EntryPoint\",\"urlTemplate\":\"https:\/\/linkeducationaltherapy.com\/?s={search_term_string}\"},\"query-input\":{\"@type\":\"PropertyValueSpecification\",\"valueRequired\":true,\"valueName\":\"search_term_string\"}}],\"inLanguage\":\"en-US\"}]}<\/script>\n<!-- \/ Yoast SEO plugin. -->","yoast_head_json":{"title":"Our Services - Link Educational Therapy","robots":{"index":"index","follow":"follow","max-snippet":"max-snippet:-1","max-image-preview":"max-image-preview:large","max-video-preview":"max-video-preview:-1"},"canonical":"https:\/\/linkeducationaltherapy.com\/?page_id=27","og_locale":"en_US","og_type":"article","og_title":"Our Services - Link Educational Therapy","og_url":"https:\/\/linkeducationaltherapy.com\/?page_id=27","og_site_name":"Link Educational Therapy","article_modified_time":"2026-05-07T20:09:40+00:00","twitter_card":"summary_large_image","twitter_misc":{"Est. reading time":"1 minute"},"schema":{"@context":"https:\/\/schema.org","@graph":[{"@type":"WebPage","@id":"https:\/\/linkeducationaltherapy.com\/?page_id=27","url":"https:\/\/linkeducationaltherapy.com\/?page_id=27","name":"Our Services - Link Educational Therapy","isPartOf":{"@id":"https:\/\/linkeducationaltherapy.com\/#website"},"datePublished":"2022-07-04T03:00:05+00:00","dateModified":"2026-05-07T20:09:40+00:00","breadcrumb":{"@id":"https:\/\/linkeducationaltherapy.com\/?page_id=27#breadcrumb"},"inLanguage":"en-US","potentialAction":[{"@type":"ReadAction","target":["https:\/\/linkeducationaltherapy.com\/?page_id=27"]}]},{"@type":"BreadcrumbList","@id":"https:\/\/linkeducationaltherapy.com\/?page_id=27#breadcrumb","itemListElement":[{"@type":"ListItem","position":1,"name":"Home","item":"https:\/\/linkeducationaltherapy.com\/"},{"@type":"ListItem","position":2,"name":"Our Services"}]},{"@type":"WebSite","@id":"https:\/\/linkeducationaltherapy.com\/#website","url":"https:\/\/linkeducationaltherapy.com\/","name":"Link Educational Therapy","description":"Every child can learn.","potentialAction":[{"@type":"SearchAction","target":{"@type":"EntryPoint","urlTemplate":"https:\/\/linkeducationaltherapy.com\/?s={search_term_string}"},"query-input":{"@type":"PropertyValueSpecification","valueRequired":true,"valueName":"search_term_string"}}],"inLanguage":"en-US"}]}},"_links":{"self":[{"href":"https:\/\/linkeducationaltherapy.com\/index.php?rest_route=\/wp\/v2\/pages\/27"}],"collection":[{"href":"https:\/\/linkeducationaltherapy.com\/index.php?rest_route=\/wp\/v2\/pages"}],"about":[{"href":"https:\/\/linkeducationaltherapy.com\/index.php?rest_route=\/wp\/v2\/types\/page"}],"author":[{"embeddable":true,"href":"https:\/\/linkeducationaltherapy.com\/index.php?rest_route=\/wp\/v2\/users\/1"}],"replies":[{"embeddable":true,"href":"https:\/\/linkeducationaltherapy.com\/index.php?rest_route=%2Fwp%2Fv2%2Fcomments&post=27"}],"version-history":[{"count":0,"href":"https:\/\/linkeducationaltherapy.com\/index.php?rest_route=\/wp\/v2\/pages\/27\/revisions"}],"wp:attachment":[{"href":"https:\/\/linkeducationaltherapy.com\/index.php?rest_route=%2Fwp%2Fv2%2Fmedia&parent=27"}],"curies":[{"name":"wp","href":"https:\/\/api.w.org\/{rel}","templated":true}]}}